{"id":17,"date":"2011-08-14T16:02:02","date_gmt":"2011-08-14T16:02:02","guid":{"rendered":"http:\/\/daruliftabirmingham.co.uk\/wordpress\/?page_id=17"},"modified":"2021-10-22T10:24:07","modified_gmt":"2021-10-22T10:24:07","slug":"home","status":"publish","type":"page","link":"http:\/\/daruliftabirmingham.co.uk\/home\/home\/","title":{"rendered":"Welcome to Darul Ifta Birmingham"},"content":{"rendered":"\r\n<div class=\"wp-block-spacer\" style=\"height: 59px;\" aria-hidden=\"true\">\u00a0<\/div>\r\n\r\n\r\n\r\n<p class=\"has-text-align-left\"><span style=\"font-family: verdana,geneva,sans-serif;\"><span style=\"font-size: 14px; color: #000000; line-height: 1.6em;\">Darul Ifta Birmingham was established in July 2006 by local scholars who felt that the Muslim community needed a platform to voice their religious questions in search of answers. <\/span><\/span><span style=\"color: #000000; font-size: 14px; font-family: verdana, geneva, sans-serif;\">Darul Ifta Birmingham was thus founded on a philosophy to facilitate a greater understanding and awareness of the precepts of Islam. Indeed, in the Holy Qur&#8217;\u0101n, we are instructed to &#8220;Ask the people of knowledge if you do not know&#8221; (S\u016brah al-Anbiy\u0101&#8217;, verse 7) in matters of religion.\u00a0<\/span><span style=\"font-family: verdana,geneva,sans-serif;\"><span style=\"font-size: 14px; color: #000000; line-height: 1.6em;\">Darul Ifta Birmingham hopes to enrich understanding by providing Isl\u0101mic insight into queries and concerns for people from all walks of life. The Prophet of All\u0101h \ufdfa is reported to have said: &#8220;Whomsoever All\u0101h wishes to show goodness he gives him an understanding of the religion.&#8221; (\u1e62a\u1e25\u012b\u1e25 al-Bukh\u0101r\u012b &amp; \u1e62a\u1e25\u012b\u1e25 Muslim). <\/span><\/span><span style=\"color: #000000; font-size: 14px; font-family: verdana, geneva, sans-serif;\">Darul Ifta Birmingham, by the grace of Almighty All\u0101h was formed for the Muslim community to deal with the concerns and issues of the wider Muslim society.<\/span><\/p>\r\n\r\n\r\n\r\n<div class=\"wp-block-spacer\" style=\"height: 44px;\" aria-hidden=\"true\">\u00a0<\/div>\r\n\r\n<p><iframe loading=\"lazy\" src=\"https:\/\/mixlr.com\/users\/7771972\/embed\" width=\"100%\" height=\"180px\" frameborder=\"no\" marginwidth=\"0\" marginheight=\"0\" scrolling=\"no\"><\/iframe><small><a style=\"color: #1a1a1a; text-align: left; font-family: Helvetica, sans-serif; font-size: 11px;\" href=\"https:\/\/mixlr.com\/darulilm\">darulilm is on Mixlr<\/a><\/small><\/p>\r\n\r\n\r\n\r\n<p class=\"has-text-align-center\"><span style=\"font-size: 22px;\"><u><strong>Darul Ilm Birmingham<\/strong><\/u><\/span><\/p>\r\n\r\n\r\n\r\n<p><span style=\"font-family: verdana,geneva,sans-serif;\"><span style=\"font-size: 14px; color: #000000; line-height: 1.6em;\">Enrol in the \u02bb\u0101limiyyah program, ift\u0101&#8217; program, or other courses, at <a href=\"https:\/\/darul-ilm.co.uk\">darul-ilm.co.uk<\/a> or send an email to admissions@darul-ilm.co.uk<\/span><\/span><\/p>\r\n\r\n\r\n\r\n<div class=\"wp-block-spacer\" style=\"height: 57px;\" aria-hidden=\"true\">\u00a0<\/div>\r\n\r\n\r\n<section id=\"eventbrite-events-6\" class=\"widget widget_eventbrite_events amr_widget\"><h2 class=\"widget-title\">Upcoming Events<\/h2><div  class=\"eaw-block \">    <ul class=\"eaw-ulx\">\n\n\t\t\n            <li class=\"eaw-li eaw-clearfix\">\n\n\t\t\t                <span>\n                 <a class=\"eaw-img\" href=\"https:\/\/www.eventbrite.co.uk\/e\/why-god-must-exist-tickets-1987145790552\" rel=\"bookmark\" target=\"_blank\"><img class=\"eaw-alignleft eaw-thumb eaw-default-thumb\" src=\"https:\/\/img.evbuc.com\/https%3A%2F%2Fcdn.evbuc.com%2Fimages%2F1181887522%2F181023538274%2F1%2Foriginal.20260410-172404?h=200&#038;w=450&#038;auto=format%2Ccompress&#038;q=75&#038;sharp=10&#038;s=f3dcba93d2cc1c5d1b619e0abcffb2dc\" alt=\"Why God Must Exist\" width=\"180\"><\/a>                 <\/span>\n\t\t\t\t\n            <h3 class=\"eaw-title\">\n\t\t\t\t<a href=\"https:\/\/www.eventbrite.co.uk\/e\/why-god-must-exist-tickets-1987145790552\" title=\"Eventbrite link to Why God Must Exist\" rel=\"bookmark\" target=\"_blank\">Why God Must Exist<\/a>            <\/h3>\n\n\t\t\t<time class=\"eaw-time published\" datetime=\"\">April 19, 2026, 8:00 pm - 9:00 pm<\/time><\/li>\n            <li class=\"eaw-li eaw-clearfix\">\n\n\t\t\t                <span>\n                 <a class=\"eaw-img\" href=\"https:\/\/www.eventbrite.co.uk\/e\/why-god-must-exist-tickets-1987145791555\" rel=\"bookmark\" target=\"_blank\"><img class=\"eaw-alignleft eaw-thumb eaw-default-thumb\" src=\"https:\/\/img.evbuc.com\/https%3A%2F%2Fcdn.evbuc.com%2Fimages%2F1181887522%2F181023538274%2F1%2Foriginal.20260410-172404?h=200&#038;w=450&#038;auto=format%2Ccompress&#038;q=75&#038;sharp=10&#038;s=f3dcba93d2cc1c5d1b619e0abcffb2dc\" alt=\"Why God Must Exist\" width=\"180\"><\/a>                 <\/span>\n\t\t\t\t\n            <h3 class=\"eaw-title\">\n\t\t\t\t<a href=\"https:\/\/www.eventbrite.co.uk\/e\/why-god-must-exist-tickets-1987145791555\" title=\"Eventbrite link to Why God Must Exist\" rel=\"bookmark\" target=\"_blank\">Why God Must Exist<\/a>            <\/h3>\n\n\t\t\t<time class=\"eaw-time published\" datetime=\"\">April 26, 2026, 8:00 pm - 9:00 pm<\/time><\/li>\n            <li class=\"eaw-li eaw-clearfix\">\n\n\t\t\t                <span>\n                 <a class=\"eaw-img\" href=\"https:\/\/www.eventbrite.co.uk\/e\/why-god-must-exist-tickets-1987145792558\" rel=\"bookmark\" target=\"_blank\"><img class=\"eaw-alignleft eaw-thumb eaw-default-thumb\" src=\"https:\/\/img.evbuc.com\/https%3A%2F%2Fcdn.evbuc.com%2Fimages%2F1181887522%2F181023538274%2F1%2Foriginal.20260410-172404?h=200&#038;w=450&#038;auto=format%2Ccompress&#038;q=75&#038;sharp=10&#038;s=f3dcba93d2cc1c5d1b619e0abcffb2dc\" alt=\"Why God Must Exist\" width=\"180\"><\/a>                 <\/span>\n\t\t\t\t\n            <h3 class=\"eaw-title\">\n\t\t\t\t<a href=\"https:\/\/www.eventbrite.co.uk\/e\/why-god-must-exist-tickets-1987145792558\" title=\"Eventbrite link to Why God Must Exist\" rel=\"bookmark\" target=\"_blank\">Why God Must Exist<\/a>            <\/h3>\n\n\t\t\t<time class=\"eaw-time published\" datetime=\"\">May 3, 2026, 8:00 pm - 9:00 pm<\/time><\/li>\n            <li class=\"eaw-li eaw-clearfix\">\n\n\t\t\t                <span>\n                 <a class=\"eaw-img\" href=\"https:\/\/www.eventbrite.co.uk\/e\/why-god-must-exist-tickets-1987145793561\" rel=\"bookmark\" target=\"_blank\"><img class=\"eaw-alignleft eaw-thumb eaw-default-thumb\" src=\"https:\/\/img.evbuc.com\/https%3A%2F%2Fcdn.evbuc.com%2Fimages%2F1181887522%2F181023538274%2F1%2Foriginal.20260410-172404?h=200&#038;w=450&#038;auto=format%2Ccompress&#038;q=75&#038;sharp=10&#038;s=f3dcba93d2cc1c5d1b619e0abcffb2dc\" alt=\"Why God Must Exist\" width=\"180\"><\/a>                 <\/span>\n\t\t\t\t\n            <h3 class=\"eaw-title\">\n\t\t\t\t<a href=\"https:\/\/www.eventbrite.co.uk\/e\/why-god-must-exist-tickets-1987145793561\" title=\"Eventbrite link to Why God Must Exist\" rel=\"bookmark\" target=\"_blank\">Why God Must Exist<\/a>            <\/h3>\n\n\t\t\t<time class=\"eaw-time published\" datetime=\"\">May 10, 2026, 8:00 pm - 9:00 pm<\/time><\/li><\/ul>\n\n\t<\/div><!-- Generated by https:\/\/wordpress.org\/plugins\/widget-for-eventbrite-api\/ -->\n\n\n<\/section>\n\r\n\r\n\r\n<p><style type=\"text\/css\">\r\n\t#mc_embed_signup{background:#fff; clear:left; font:14px Helvetica,Arial,sans-serif; }<br \/>\r\n\t\/* Add your own Mailchimp form style overrides in your site stylesheet or in this style block.<br \/>\r\n\t   We recommend moving this block and the preceding CSS link to the HEAD of your HTML file. *\/<br \/>\r\n<\/style><\/p>\r\n\r\n\r\n<!-- Begin Mailchimp Signup Form -->\r\n<p><style type=\"text\/css\">\r\n\t#mc_embed_signup{background:#fff; clear:left; font:14px Helvetica,Arial,sans-serif; }\r\n\t\/* Add your own Mailchimp form style overrides in your site stylesheet or in this style block.\r\n\t   We recommend moving this block and the preceding CSS link to the HEAD of your HTML file. *\/\r\n<\/style><\/p>\r\n<div id=\"mc_embed_signup\"><form id=\"mc-embedded-subscribe-form\" class=\"validate\" action=\"https:\/\/darul-ilm.us4.list-manage.com\/subscribe\/post?u=48160b199a0d4926efbb1a33b&amp;id=d52d4e173d\" method=\"post\" name=\"mc-embedded-subscribe-form\" novalidate=\"\" target=\"_blank\">\r\n<div id=\"mc_embed_signup_scroll\">\r\n<h2>Subscribe to our newsletter<\/h2>\r\n<h3 class=\"indicates-required\">\u00a0<\/h3>\r\n<h3 class=\"mc-field-group\"><label for=\"mce-EMAIL\">Email Address <span class=\"asterisk\">*<\/span> <\/label> <input id=\"mce-EMAIL\" class=\"required email\" name=\"EMAIL\" type=\"email\" value=\"\" \/><\/h3>\r\n<div id=\"mce-error-response\" class=\"response\" style=\"display: none;\">\u00a0<\/div>\r\n<div id=\"mce-success-response\" class=\"response\" style=\"display: none;\">\u00a0<\/div>\r\n<h3><!-- real people should not fill this in and expect good things - do not remove this or risk form bot signups--><\/h3>\r\n<h3 style=\"position: absolute; left: -5000px;\" aria-hidden=\"true\"><input tabindex=\"-1\" name=\"b_48160b199a0d4926efbb1a33b_d52d4e173d\" type=\"text\" value=\"\" \/><\/h3>\r\n<h3 class=\"clear\"><input id=\"mc-embedded-subscribe\" class=\"button\" name=\"subscribe\" type=\"submit\" value=\"Subscribe\" \/><\/h3>\r\n<\/div>\r\n<\/form><\/div>\r\n<p><script type=\"text\/javascript\" src=\"\/\/s3.amazonaws.com\/downloads.mailchimp.com\/js\/mc-validate.js\"><\/script><script type=\"text\/javascript\">(function($) {window.fnames = new Array(); window.ftypes = new Array();fnames[0]='EMAIL';ftypes[0]='email';fnames[1]='FNAME';ftypes[1]='text';fnames[2]='LNAME';ftypes[2]='text';fnames[3]='ADDRESS';ftypes[3]='address';fnames[4]='PHONE';ftypes[4]='phone';fnames[5]='BIRTHDAY';ftypes[5]='birthday';}(jQuery));var $mcj = jQuery.noConflict(true);<\/script><\/p>\r\n<!--End mc_embed_signup-->\r\n\r\n\r\n<p><script type=\"text\/javascript\" src=\"\/\/s3.amazonaws.com\/downloads.mailchimp.com\/js\/mc-validate.js\"><\/script><script type=\"text\/javascript\">(function($) {window.fnames = new Array(); window.ftypes = new Array();fnames[0]='EMAIL';ftypes[0]='email';fnames[1]='FNAME';ftypes[1]='text';fnames[2]='LNAME';ftypes[2]='text';fnames[3]='ADDRESS';ftypes[3]='address';fnames[4]='PHONE';ftypes[4]='phone';fnames[5]='BIRTHDAY';ftypes[5]='birthday';}(jQuery));var $mcj = jQuery.noConflict(true);<\/script><br \/><!--End mc_embed_signup--><\/p>\r\n","protected":false},"excerpt":{"rendered":"<p>Darul Ifta Birmingham was established in July 2006 by local scholars who felt that the Muslim community needed a platform to voice their religious questions&#8230;<\/p>\n","protected":false},"author":1,"featured_media":0,"parent":0,"menu_order":0,"comment_status":"closed","ping_status":"closed","template":"","meta":[],"_links":{"self":[{"href":"http:\/\/daruliftabirmingham.co.uk\/home\/wp-json\/wp\/v2\/pages\/17"}],"collection":[{"href":"http:\/\/daruliftabirmingham.co.uk\/home\/wp-json\/wp\/v2\/pages"}],"about":[{"href":"http:\/\/daruliftabirmingham.co.uk\/home\/wp-json\/wp\/v2\/types\/page"}],"author":[{"embeddable":true,"href":"http:\/\/daruliftabirmingham.co.uk\/home\/wp-json\/wp\/v2\/users\/1"}],"replies":[{"embeddable":true,"href":"http:\/\/daruliftabirmingham.co.uk\/home\/wp-json\/wp\/v2\/comments?post=17"}],"version-history":[{"count":81,"href":"http:\/\/daruliftabirmingham.co.uk\/home\/wp-json\/wp\/v2\/pages\/17\/revisions"}],"predecessor-version":[{"id":23038,"href":"http:\/\/daruliftabirmingham.co.uk\/home\/wp-json\/wp\/v2\/pages\/17\/revisions\/23038"}],"wp:attachment":[{"href":"http:\/\/daruliftabirmingham.co.uk\/home\/wp-json\/wp\/v2\/media?parent=17"}],"curies":[{"name":"wp","href":"https:\/\/api.w.org\/{rel}","templated":true}]}}