{"id":8,"date":"2011-07-25T21:13:31","date_gmt":"2011-07-25T21:13:31","guid":{"rendered":"http:\/\/daruliftabirmingham.co.uk\/wordpress\/?page_id=2"},"modified":"2022-03-30T09:24:25","modified_gmt":"2022-03-30T09:24:25","slug":"about-2","status":"publish","type":"page","link":"https:\/\/daruliftabirmingham.co.uk\/home\/about-2\/","title":{"rendered":"About"},"content":{"rendered":"<p>&nbsp;<\/p>\n<p><span style=\"color: #000000; font-size: 12pt;\"><span style=\"font-family: verdana,geneva,sans-serif;\">Darul Ifta Birmingham was established in July 2006 by local scholars who felt that the Muslim community needed a platform to express their voice and questions. Living in a society stimulated by materialism and cultural superstitions, Muslims often find themselves neglecting the noble value of spiritual life. Personal and communal issues of the Muslim community are often brushed aside and not brought to the forefront. Darul Ifta Birmingham, by the grace of Almighty All\u0101h sub\u1e25\u0101nahu wa ta\u02bb\u0101la was formed for the Muslim community to deal with the concerns and issues of the wider Muslim society.<\/span><\/span><\/p>\n<p>&nbsp;<\/p>\n<p><span style=\"font-size: 12pt;\"><span style=\"font-family: verdana,geneva,sans-serif;\"><span style=\"color: #000000;\">Darul Ifta operates on a question and answers basis, allowing people to<\/span>\u00a0<a href=\"http:\/\/daruliftabirmingham.co.uk\/fwp\/ask-a-question\">submit<\/a>\u00a0<span style=\"color: #000000;\">their questions on the Darul Ifta website and these questions are subsequently answered by one of the muft\u012bs and can be viewed through the <\/span><a href=\"http:\/\/daruliftabirmingham.co.uk\/wp\/previous-questions\">archives<\/a>\u00a0<span style=\"color: #000000;\">on the website.<\/span><\/span><\/span><\/p>\n<p>&nbsp;<\/p>\n<p><span style=\"color: #000000; font-size: 12pt;\"><span style=\"font-family: verdana,geneva,sans-serif;\">Darul Ifta, though based in Birmingham, runs with the assistance, du\u02bb\u0101s and regular rectification of the senior muft\u012bs of Darul Uloom, Bury. The support and help from this senior muft\u012bs is sincerely appreciated, and may All\u0101h sub\u1e25\u0101nahu wa ta\u02bb\u0101la reward them for all their help. \u0100m\u012bn.<\/span><\/span><\/p>\n<p>&nbsp;<\/p>\n<p><span style=\"color: #000000; font-size: 12pt;\"><span style=\"font-family: verdana,geneva,sans-serif;\">Please feel free to recommend any suggestions to improve the website.<\/span><\/span><\/p>\n<p>&nbsp;<\/p>\n<p>&nbsp;<\/p>\n<p>&nbsp;<\/p>\n<p><span style=\"color: #000000; font-size: 12pt;\"><span style=\"font-family: verdana,geneva,sans-serif;\"><strong>Mufti Mohammed Tosir Miah<\/strong><\/span><\/span><\/p>\n<p>&nbsp;<\/p>\n<p><span style=\"font-size: 12pt; color: #000000;\"><span style=\"font-family: verdana,geneva,sans-serif;\"><span style=\"line-height: 1.6em;\">He graduated from Darul Uloom, Bury as a qualified Hafidh, Alim and Mufti <\/span><span style=\"background-color: #ffffff;\">under the guidance of Shaykh Hazrat Moulana Yousuf Motala Sahib (D.B) in addition to having the honour of being taught by leading UK Scholars like Hazrat Shaykh Moulana Hashim Sahib, Shaykh Hazrat Moulana Mufti Shabir Sahib, Shaykh Hazrat Moulana Abdul Raheem Sahib, Shaykh Hazrat Moulana Bilal Sahib, Shaykh Hazrat Mufti Tahir Wadee Sahib and Shaykh Hazrat Moulana Naushaad Sahib.<\/span><\/span><\/span><\/p>\n<p>&nbsp;<\/p>\n<p><span style=\"font-size: 12pt; color: #000000;\"><span style=\"font-family: verdana,geneva,sans-serif;\"><span style=\"line-height: 1.6em;\">He is practically and theoretically conversant and knowledgeable in the field of Islamic studies and theology. He has graduated from Birmingham City University with a Bachelor of Arts degree in LLB Law.\u00a0He has completed a Dissertation on Islamic Inheritance Law in Theology and in Practice. <\/span><\/span><\/span><\/p>\n<p>&nbsp;<\/p>\n<p><span style=\"font-size: 12pt; color: #000000;\"><span style=\"font-family: verdana,geneva,sans-serif;\"><span style=\"line-height: 1.6em;\">He has delivered various courses and lectures in the UK and across Europe on essential subjects like Salah, Zakah, Fasting and marriage. He has also recorded and released a CD on the Fiqh of Marriage <\/span>and also lectures weekly on the S\u012brah of the Prophet (may All\u0101h&#8217;s peace and blessings be upon him). <\/span><\/span><\/p>\n<p>&nbsp;<\/p>\n<p><span style=\"font-size: 12pt; color: #000000;\"><span style=\"font-family: verdana,geneva,sans-serif;\">His Fatw\u0101s can also be found on Eurosunni and on the Swedish AskIm\u0101m website fragaimamen.se. <\/span><\/span><\/p>\n<p>&nbsp;<\/p>\n<p><span style=\"font-size: 12pt; color: #000000;\"><span style=\"font-family: verdana,geneva,sans-serif;\"><span style=\"line-height: 1.6em;\">He is also the principal of Al Islah Institute based in Smethwick and editor of the quarterly magazine Al Mujeeb.<\/span><\/span><\/span><\/p>\n<p>&nbsp;<\/p>\n<p>&nbsp;<\/p>\n<p>&nbsp;<\/p>\n<p>&nbsp;<\/p>\n","protected":false},"excerpt":{"rendered":"<p>&nbsp; Darul Ifta Birmingham was established in July 2006 by local scholars who felt that the Muslim community needed a platform to express their voice&#8230;<\/p>\n","protected":false},"author":1,"featured_media":0,"parent":0,"menu_order":0,"comment_status":"closed","ping_status":"closed","template":"","meta":[],"_links":{"self":[{"href":"https:\/\/daruliftabirmingham.co.uk\/home\/wp-json\/wp\/v2\/pages\/8"}],"collection":[{"href":"https:\/\/daruliftabirmingham.co.uk\/home\/wp-json\/wp\/v2\/pages"}],"about":[{"href":"https:\/\/daruliftabirmingham.co.uk\/home\/wp-json\/wp\/v2\/types\/page"}],"author":[{"embeddable":true,"href":"https:\/\/daruliftabirmingham.co.uk\/home\/wp-json\/wp\/v2\/users\/1"}],"replies":[{"embeddable":true,"href":"https:\/\/daruliftabirmingham.co.uk\/home\/wp-json\/wp\/v2\/comments?post=8"}],"version-history":[{"count":6,"href":"https:\/\/daruliftabirmingham.co.uk\/home\/wp-json\/wp\/v2\/pages\/8\/revisions"}],"predecessor-version":[{"id":24899,"href":"https:\/\/daruliftabirmingham.co.uk\/home\/wp-json\/wp\/v2\/pages\/8\/revisions\/24899"}],"wp:attachment":[{"href":"https:\/\/daruliftabirmingham.co.uk\/home\/wp-json\/wp\/v2\/media?parent=8"}],"curies":[{"name":"wp","href":"https:\/\/api.w.org\/{rel}","templated":true}]}}